{"id":6560,"date":"2023-01-19T10:37:42","date_gmt":"2023-01-19T09:37:42","guid":{"rendered":"https:\/\/www.aamis.site\/?page_id=6560"},"modified":"2026-03-23T16:52:53","modified_gmt":"2026-03-23T15:52:53","slug":"mentions-legales","status":"publish","type":"page","link":"https:\/\/www.aamis.net\/index.php\/mentions-legales\/","title":{"rendered":"Mentions l\u00e9gales"},"content":{"rendered":"\t\t<div data-elementor-type=\"wp-page\" data-elementor-id=\"6560\" class=\"elementor elementor-6560\">\n\t\t\t\t<div class=\"elementor-element elementor-element-efd32e3 e-flex e-con-boxed e-con e-parent\" data-id=\"efd32e3\" data-element_type=\"container\" data-e-type=\"container\">\r\n\t\t\t\t\t<div class=\"e-con-inner\">\r\n\t\t\t\t<div class=\"elementor-element elementor-element-5cb93b4 elementor-widget elementor-widget-text-editor\" data-id=\"5cb93b4\" data-element_type=\"widget\" data-e-type=\"widget\" data-widget_type=\"text-editor.default\">\n\t\t\t\t<div class=\"elementor-widget-container\">\n\t\t\t\t\t\t\t\t\t<div><div><div><div><div><div data-width=\"12\"><div><div><div><div data-width=\"12\"><div><div><div><div><h3><strong>AAMIS<\/strong><\/h3><\/div><\/div><\/div><\/div><\/div><\/div><\/div><div><div><div data-width=\"12\"><div><div><p>Raison sociale : Association des Sections Internationales Am\u00e9ricaines (Association Loi 1901)<\/p><p>Si\u00e8ge social : 70 rue du Th\u00e9\u00e2tre, 75015 Paris\u00a0<\/p><p>T\u00e9l : +33 1 45 75 78 58<\/p><p>Email : <a href=\"mailto:contact@aamis.net\">contact@aamis.net<\/a>\u00a0<\/p><p>Site : Bernard Manuel est le propri\u00e9taire du site <a href=\"https:\/\/www.aamis.net\/\">www.aamis.net<\/a><\/p><p>Directeur de publication : Bernard Manuel (Pr\u00e9sident)<\/p><p>Pour toute demande concernant un produit ou un service, pour toute suggestion, information, r\u00e9action ou en cas de probl\u00e8me technique concernant ce site, veuillez contacter : the administrative &amp; membership manager : <a href=\"mailto:contact@aamis.net\">contact@aamis.net<\/a><\/p><\/div><\/div><\/div><\/div><\/div><\/div><\/div><\/div><\/div><\/div><\/div><\/div><div><div><div><div><div><div data-width=\"12\"><div><div><div><div data-width=\"12\"><div><div><div><div><h4><strong>H\u00e9bergeur<\/strong><\/h4><\/div><\/div><\/div><\/div><\/div><\/div><\/div><div><div><div data-width=\"12\"><div><div><p><a href=\"https:\/\/www.aamis.net\/\">www.aamis.net<\/a>\u00a0est h\u00e9berg\u00e9 par OVH SAS, dont le si\u00e8ge social est situ\u00e9 2 rue Kellermann BP 80157 59053 ROUBAIX CEDEX 1.<\/p><\/div><\/div><\/div><\/div><\/div><div><div><div data-width=\"12\"><div><div><div><div><h4><strong>Acc\u00e8s au site<\/strong><\/h4><\/div><\/div><\/div><\/div><\/div><\/div><\/div><div><div><div data-width=\"12\"><div><div><p>L\u2019acc\u00e8s au site et son utilisation sont r\u00e9serv\u00e9s \u00e0 un usage strictement personnel. Vous vous engagez \u00e0 ne pas utiliser ce site et les informations ou donn\u00e9es qui y figurent \u00e0 des fins commerciales, politiques, publicitaires et pour toute forme de sollicitation commerciale et notamment l\u2019envoi de courriers \u00e9lectroniques non sollicit\u00e9s.<\/p><\/div><\/div><\/div><\/div><\/div><div><div><div data-width=\"12\"><div><div><div><div><h4><strong>Gestion du site<\/strong><\/h4><\/div><\/div><\/div><\/div><\/div><\/div><\/div><div><div><div data-width=\"12\"><div><div><p>Pour la bonne gestion du site, l\u2019\u00e9diteur pourra \u00e0 tout moment :<\/p><ul><li>suspendre, interrompre ou limiter l\u2019acc\u00e8s \u00e0 tout ou partie du site, r\u00e9server l\u2019acc\u00e8s au site, ou \u00e0 certaines parties du site, \u00e0 une cat\u00e9gorie d\u00e9termin\u00e9e d\u2019internautes ;<\/li><li>supprimer toute information pouvant en perturber le fonctionnement ou entrant en contravention avec les lois nationales ou internationales ;<\/li><li>suspendre le site afin de proc\u00e9der \u00e0 des mises \u00e0 jour.<\/li><\/ul><div><div><div><div data-width=\"12\"><div><div><div><div><h4><strong>Copyright<\/strong><\/h4><\/div><\/div><\/div><\/div><\/div><\/div><\/div><div><div><div data-width=\"12\"><div><div><p>Ce site a \u00e9t\u00e9 r\u00e9alis\u00e9 sous WordPress par l\u2019agence de communication Soon.<\/p><p>Ce site est la propri\u00e9t\u00e9 de l\u2019entreprise Soon situ\u00e9e au 1 Avenue Christian Doppler, b\u00e2timent 3, 77700 Serris<\/p><p>Cr\u00e9dit photos : \u00a9 Adobe Stock, \u00a9 AAMIS<\/p><\/div><\/div><\/div><\/div><\/div><\/div><\/div><\/div><\/div><\/div><\/div><\/div><\/div><\/div><\/div><\/div><\/div><\/div>\t\t\t\t\t\t\t\t<\/div>\n\t\t\t\t<\/div>\n\t\t\t\t\t<\/div>\n\t\t\t\t<\/div>\n\t\t\t\t<\/div>\n\t\t","protected":false},"excerpt":{"rendered":"<p>AAMIS Raison sociale : Association des Sections Internationales Am\u00e9ricaines (Association Loi 1901) Si\u00e8ge social : 70 rue du Th\u00e9\u00e2tre, 75015 Paris\u00a0 T\u00e9l : +33 1 45 75 78 58 Email : contact@aamis.net\u00a0 Site : Bernard Manuel est le propri\u00e9taire du site www.aamis.net Directeur de publication : Bernard Manuel (Pr\u00e9sident) Pour toute demande concernant un produit [&hellip;]<\/p>\n","protected":false},"author":3,"featured_media":0,"parent":0,"menu_order":0,"comment_status":"closed","ping_status":"closed","template":"","meta":{"content-type":"","footnotes":""},"class_list":["post-6560","page","type-page","status-publish","hentry"],"yoast_head":"<!-- This site is optimized with the Yoast SEO plugin v27.4 - https:\/\/yoast.com\/product\/yoast-seo-wordpress\/ -->\n<title>Mentions l\u00e9gales - AAMIS<\/title>\n<meta name=\"description\" content=\"www.aamis.site est h\u00e9berg\u00e9 par OVH SAS, dont le si\u00e8ge social est situ\u00e9 2 rue Kellermann BP 80157 59053 ROUBAIX CEDEX 1.\" \/>\n<meta name=\"robots\" content=\"index, follow, max-snippet:-1, max-image-preview:large, max-video-preview:-1\" \/>\n<link rel=\"canonical\" href=\"https:\/\/www.aamis.net\/index.php\/mentions-legales\/\" \/>\n<meta property=\"og:locale\" content=\"en_GB\" \/>\n<meta property=\"og:type\" content=\"article\" \/>\n<meta property=\"og:title\" content=\"Mentions l\u00e9gales - AAMIS\" \/>\n<meta property=\"og:description\" content=\"www.aamis.site est h\u00e9berg\u00e9 par OVH SAS, dont le si\u00e8ge social est situ\u00e9 2 rue Kellermann BP 80157 59053 ROUBAIX CEDEX 1.\" \/>\n<meta property=\"og:url\" content=\"https:\/\/www.aamis.net\/index.php\/mentions-legales\/\" \/>\n<meta property=\"og:site_name\" content=\"AAMIS\" \/>\n<meta property=\"article:modified_time\" content=\"2026-03-23T15:52:53+00:00\" \/>\n<meta name=\"twitter:card\" content=\"summary_large_image\" \/>\n<meta name=\"twitter:label1\" content=\"Estimated reading time\" \/>\n\t<meta name=\"twitter:data1\" content=\"2 minutes\" \/>\n<script type=\"application\/ld+json\" class=\"yoast-schema-graph\">{\"@context\":\"https:\\\/\\\/schema.org\",\"@graph\":[{\"@type\":\"WebPage\",\"@id\":\"https:\\\/\\\/www.aamis.net\\\/index.php\\\/mentions-legales\\\/\",\"url\":\"https:\\\/\\\/www.aamis.net\\\/index.php\\\/mentions-legales\\\/\",\"name\":\"Mentions l\u00e9gales - AAMIS\",\"isPartOf\":{\"@id\":\"https:\\\/\\\/www.aamis.net\\\/#website\"},\"datePublished\":\"2023-01-19T09:37:42+00:00\",\"dateModified\":\"2026-03-23T15:52:53+00:00\",\"description\":\"www.aamis.site est h\u00e9berg\u00e9 par OVH SAS, dont le si\u00e8ge social est situ\u00e9 2 rue Kellermann BP 80157 59053 ROUBAIX CEDEX 1.\",\"breadcrumb\":{\"@id\":\"https:\\\/\\\/www.aamis.net\\\/index.php\\\/mentions-legales\\\/#breadcrumb\"},\"inLanguage\":\"en-GB\",\"potentialAction\":[{\"@type\":\"ReadAction\",\"target\":[\"https:\\\/\\\/www.aamis.net\\\/index.php\\\/mentions-legales\\\/\"]}]},{\"@type\":\"BreadcrumbList\",\"@id\":\"https:\\\/\\\/www.aamis.net\\\/index.php\\\/mentions-legales\\\/#breadcrumb\",\"itemListElement\":[{\"@type\":\"ListItem\",\"position\":1,\"name\":\"Accueil\",\"item\":\"https:\\\/\\\/www.aamis.net\\\/\"},{\"@type\":\"ListItem\",\"position\":2,\"name\":\"Mentions l\u00e9gales\"}]},{\"@type\":\"WebSite\",\"@id\":\"https:\\\/\\\/www.aamis.net\\\/#website\",\"url\":\"https:\\\/\\\/www.aamis.net\\\/\",\"name\":\"AAMIS\",\"description\":\"Association des Sections Internationales Am\u00e9ricaines\",\"publisher\":{\"@id\":\"https:\\\/\\\/www.aamis.net\\\/#organization\"},\"potentialAction\":[{\"@type\":\"SearchAction\",\"target\":{\"@type\":\"EntryPoint\",\"urlTemplate\":\"https:\\\/\\\/www.aamis.net\\\/?s={search_term_string}\"},\"query-input\":{\"@type\":\"PropertyValueSpecification\",\"valueRequired\":true,\"valueName\":\"search_term_string\"}}],\"inLanguage\":\"en-GB\"},{\"@type\":\"Organization\",\"@id\":\"https:\\\/\\\/www.aamis.net\\\/#organization\",\"name\":\"AAMIS\",\"url\":\"https:\\\/\\\/www.aamis.net\\\/\",\"logo\":{\"@type\":\"ImageObject\",\"inLanguage\":\"en-GB\",\"@id\":\"https:\\\/\\\/www.aamis.net\\\/#\\\/schema\\\/logo\\\/image\\\/\",\"url\":\"https:\\\/\\\/www.aamis.net\\\/wp-content\\\/uploads\\\/Association-des-Sections-Internationales-Americaines-scaled.png\",\"contentUrl\":\"https:\\\/\\\/www.aamis.net\\\/wp-content\\\/uploads\\\/Association-des-Sections-Internationales-Americaines-scaled.png\",\"width\":3267,\"height\":1363,\"caption\":\"AAMIS\"},\"image\":{\"@id\":\"https:\\\/\\\/www.aamis.net\\\/#\\\/schema\\\/logo\\\/image\\\/\"}}]}<\/script>\n<!-- \/ Yoast SEO plugin. -->","yoast_head_json":{"title":"Mentions l\u00e9gales - AAMIS","description":"www.aamis.site est h\u00e9berg\u00e9 par OVH SAS, dont le si\u00e8ge social est situ\u00e9 2 rue Kellermann BP 80157 59053 ROUBAIX CEDEX 1.","robots":{"index":"index","follow":"follow","max-snippet":"max-snippet:-1","max-image-preview":"max-image-preview:large","max-video-preview":"max-video-preview:-1"},"canonical":"https:\/\/www.aamis.net\/index.php\/mentions-legales\/","og_locale":"en_GB","og_type":"article","og_title":"Mentions l\u00e9gales - AAMIS","og_description":"www.aamis.site est h\u00e9berg\u00e9 par OVH SAS, dont le si\u00e8ge social est situ\u00e9 2 rue Kellermann BP 80157 59053 ROUBAIX CEDEX 1.","og_url":"https:\/\/www.aamis.net\/index.php\/mentions-legales\/","og_site_name":"AAMIS","article_modified_time":"2026-03-23T15:52:53+00:00","twitter_card":"summary_large_image","twitter_misc":{"Estimated reading time":"2 minutes"},"schema":{"@context":"https:\/\/schema.org","@graph":[{"@type":"WebPage","@id":"https:\/\/www.aamis.net\/index.php\/mentions-legales\/","url":"https:\/\/www.aamis.net\/index.php\/mentions-legales\/","name":"Mentions l\u00e9gales - AAMIS","isPartOf":{"@id":"https:\/\/www.aamis.net\/#website"},"datePublished":"2023-01-19T09:37:42+00:00","dateModified":"2026-03-23T15:52:53+00:00","description":"www.aamis.site est h\u00e9berg\u00e9 par OVH SAS, dont le si\u00e8ge social est situ\u00e9 2 rue Kellermann BP 80157 59053 ROUBAIX CEDEX 1.","breadcrumb":{"@id":"https:\/\/www.aamis.net\/index.php\/mentions-legales\/#breadcrumb"},"inLanguage":"en-GB","potentialAction":[{"@type":"ReadAction","target":["https:\/\/www.aamis.net\/index.php\/mentions-legales\/"]}]},{"@type":"BreadcrumbList","@id":"https:\/\/www.aamis.net\/index.php\/mentions-legales\/#breadcrumb","itemListElement":[{"@type":"ListItem","position":1,"name":"Accueil","item":"https:\/\/www.aamis.net\/"},{"@type":"ListItem","position":2,"name":"Mentions l\u00e9gales"}]},{"@type":"WebSite","@id":"https:\/\/www.aamis.net\/#website","url":"https:\/\/www.aamis.net\/","name":"AAMIS","description":"Association des Sections Internationales Am\u00e9ricaines","publisher":{"@id":"https:\/\/www.aamis.net\/#organization"},"potentialAction":[{"@type":"SearchAction","target":{"@type":"EntryPoint","urlTemplate":"https:\/\/www.aamis.net\/?s={search_term_string}"},"query-input":{"@type":"PropertyValueSpecification","valueRequired":true,"valueName":"search_term_string"}}],"inLanguage":"en-GB"},{"@type":"Organization","@id":"https:\/\/www.aamis.net\/#organization","name":"AAMIS","url":"https:\/\/www.aamis.net\/","logo":{"@type":"ImageObject","inLanguage":"en-GB","@id":"https:\/\/www.aamis.net\/#\/schema\/logo\/image\/","url":"https:\/\/www.aamis.net\/wp-content\/uploads\/Association-des-Sections-Internationales-Americaines-scaled.png","contentUrl":"https:\/\/www.aamis.net\/wp-content\/uploads\/Association-des-Sections-Internationales-Americaines-scaled.png","width":3267,"height":1363,"caption":"AAMIS"},"image":{"@id":"https:\/\/www.aamis.net\/#\/schema\/logo\/image\/"}}]}},"_links":{"self":[{"href":"https:\/\/www.aamis.net\/index.php\/wp-json\/wp\/v2\/pages\/6560","targetHints":{"allow":["GET"]}}],"collection":[{"href":"https:\/\/www.aamis.net\/index.php\/wp-json\/wp\/v2\/pages"}],"about":[{"href":"https:\/\/www.aamis.net\/index.php\/wp-json\/wp\/v2\/types\/page"}],"author":[{"embeddable":true,"href":"https:\/\/www.aamis.net\/index.php\/wp-json\/wp\/v2\/users\/3"}],"replies":[{"embeddable":true,"href":"https:\/\/www.aamis.net\/index.php\/wp-json\/wp\/v2\/comments?post=6560"}],"version-history":[{"count":17,"href":"https:\/\/www.aamis.net\/index.php\/wp-json\/wp\/v2\/pages\/6560\/revisions"}],"predecessor-version":[{"id":8204,"href":"https:\/\/www.aamis.net\/index.php\/wp-json\/wp\/v2\/pages\/6560\/revisions\/8204"}],"wp:attachment":[{"href":"https:\/\/www.aamis.net\/index.php\/wp-json\/wp\/v2\/media?parent=6560"}],"curies":[{"name":"wp","href":"https:\/\/api.w.org\/{rel}","templated":true}]}}